{"id":597,"date":"2022-05-27T12:50:41","date_gmt":"2022-05-27T12:50:41","guid":{"rendered":"https:\/\/terme-catez-homes.com\/pricelist\/"},"modified":"2026-03-16T07:32:35","modified_gmt":"2026-03-16T07:32:35","slug":"pricelist","status":"publish","type":"page","link":"https:\/\/terme-catez-homes.com\/en\/pricelist\/","title":{"rendered":"Pricelist"},"content":{"rendered":"\n<div class=\"wp-block-group container is-layout-flow\"><div class=\"wp-block-group__inner-container\">\n<div style=\"height:82px\" aria-hidden=\"true\" class=\"wp-block-spacer\"><\/div>\n\n\n\n<div class=\"wp-block-cover is-light\" style=\"min-height:20rem\"><span aria-hidden=\"true\" class=\"wp-block-cover__background has-background-dim\" style=\"background-color:#f4f4f4\"><\/span><img decoding=\"async\" loading=\"lazy\" width=\"1800\" height=\"1010\" class=\"wp-block-cover__image-background wp-image-241\" alt=\"\" src=\"https:\/\/terme-catez-homes.com\/wp-content\/uploads\/2022\/05\/TC-LTR-rajketing-dron-4.jpg\" style=\"object-position:50% 50%\" data-object-fit=\"cover\" data-object-position=\"50% 50%\" srcset=\"https:\/\/terme-catez-homes.com\/wp-content\/uploads\/2022\/05\/TC-LTR-rajketing-dron-4.jpg 1800w, https:\/\/terme-catez-homes.com\/wp-content\/uploads\/2022\/05\/TC-LTR-rajketing-dron-4-300x168.jpg 300w, https:\/\/terme-catez-homes.com\/wp-content\/uploads\/2022\/05\/TC-LTR-rajketing-dron-4-1024x575.jpg 1024w, https:\/\/terme-catez-homes.com\/wp-content\/uploads\/2022\/05\/TC-LTR-rajketing-dron-4-768x431.jpg 768w, https:\/\/terme-catez-homes.com\/wp-content\/uploads\/2022\/05\/TC-LTR-rajketing-dron-4-1536x862.jpg 1536w\" sizes=\"(max-width: 1800px) 100vw, 1800px\" \/><div class=\"wp-block-cover__inner-container\">\n<p class=\"has-text-align-center has-large-font-size\"><strong>Pricelist Mediteran Catez 2026<\/strong><\/p>\n<\/div><\/div>\n<\/div><\/div>\n\n\n\n<div style=\"height:8px\" aria-hidden=\"true\" class=\"wp-block-spacer\"><\/div>\n\n\n\n<div class=\"wp-block-group container-mini extra-desc price-list is-layout-constrained\"><div class=\"wp-block-group__inner-container\">\n<div class=\"wp-block-columns is-layout-flex wp-container-6\">\n<div class=\"wp-block-column is-layout-flow\">\n<div class=\"wp-block-buttons is-content-justification-center is-layout-flex wp-container-2\">\n<div class=\"wp-block-button has-custom-width wp-block-button__width-100 btn\"><a class=\"wp-block-button__link wp-element-button\" href=\"https:\/\/terme-catez-homes.com\/#contact\">SEND INQUIRY<\/a><\/div>\n<\/div>\n<\/div>\n\n\n\n<div class=\"wp-block-column is-layout-flow\">\n<div class=\"wp-block-buttons is-layout-flex\">\n<div class=\"wp-block-button has-custom-width wp-block-button__width-100 btn btn-red\"><a class=\"wp-block-button__link wp-element-button\" href=\"tel:070412233\">CALL +38670412233<\/a><\/div>\n<\/div>\n<\/div>\n<\/div>\n\n\n\n<div style=\"height:20px\" aria-hidden=\"true\" class=\"wp-block-spacer\"><\/div>\n\n\n\n<div class=\"wp-block-columns are-vertically-aligned-center columns columns-no-space is-layout-flex wp-container-9\">\n<div class=\"wp-block-column is-vertically-aligned-center is-layout-flow\" style=\"flex-basis:50%\">\n<figure class=\"wp-block-image size-full\"><img decoding=\"async\" loading=\"lazy\" width=\"966\" height=\"928\" src=\"https:\/\/terme-catez-homes.com\/wp-content\/uploads\/2026\/01\/Januar-2026.png\" alt=\"\" class=\"wp-image-2061\" srcset=\"https:\/\/terme-catez-homes.com\/wp-content\/uploads\/2026\/01\/Januar-2026.png 966w, https:\/\/terme-catez-homes.com\/wp-content\/uploads\/2026\/01\/Januar-2026-300x288.png 300w, https:\/\/terme-catez-homes.com\/wp-content\/uploads\/2026\/01\/Januar-2026-768x738.png 768w\" sizes=\"(max-width: 966px) 100vw, 966px\" \/><\/figure>\n<\/div>\n\n\n\n<div class=\"wp-block-column is-vertically-aligned-center extra-desc-col-left is-layout-flow\">\n<p><strong>INCLUDED IN PRICE:<\/strong><\/p>\n\n\n\n<ul>\n<li>Accommodation for up to 4 people (2 bedrooms)<\/li>\n\n\n\n<li><strong>Swimming tickets for Terme \u010cate\u017e<\/strong><\/li>\n\n\n\n<li>Bedding<\/li>\n\n\n\n<li>Air conditioning, WIFI, heaters<\/li>\n\n\n\n<li>Large covered wooden terrace<\/li>\n\n\n\n<li>Final cleaning is included in the price (except when renting for 1 night, there is a 50 euro surcharge)<\/li>\n\n\n\n<li>Option of renting bigger house with 3 bedrooms (up to 6 people + 1 child extra)<\/li>\n\n\n\n<li>Additional person 10 euros\/day<\/li>\n\n\n\n<li><strong>Option of half board\/breakfast in hotel<\/strong><\/li>\n<\/ul>\n<\/div>\n<\/div>\n\n\n\n<div class=\"wp-block-columns are-vertically-aligned-center columns columns-no-space is-layout-flex wp-container-12\">\n<div class=\"wp-block-column is-vertically-aligned-center is-layout-flow\" style=\"flex-basis:50%\">\n<figure class=\"wp-block-image size-full\"><img decoding=\"async\" loading=\"lazy\" width=\"966\" height=\"928\" src=\"https:\/\/terme-catez-homes.com\/wp-content\/uploads\/2026\/01\/Februar-2026.png\" alt=\"\" class=\"wp-image-2058\" srcset=\"https:\/\/terme-catez-homes.com\/wp-content\/uploads\/2026\/01\/Februar-2026.png 966w, https:\/\/terme-catez-homes.com\/wp-content\/uploads\/2026\/01\/Februar-2026-300x288.png 300w, https:\/\/terme-catez-homes.com\/wp-content\/uploads\/2026\/01\/Februar-2026-768x738.png 768w\" sizes=\"(max-width: 966px) 100vw, 966px\" \/><\/figure>\n<\/div>\n\n\n\n<div class=\"wp-block-column is-vertically-aligned-center extra-desc-col-left is-layout-flow\">\n<p><strong>LAST MINUTE DISCOUNTS<\/strong><\/p>\n\n\n\n<ul>\n<li>PRICE includes the rental of the entire house and included bathing tickets for up to 4 people<\/li>\n\n\n\n<li>Additional person 10 euros\/day (up to 6 people + 1 child up to 5 years free)<\/li>\n\n\n\n<li><strong>Option of half board\/breakfast<\/strong><\/li>\n<\/ul>\n<\/div>\n<\/div>\n\n\n\n<div class=\"wp-block-columns are-vertically-aligned-center columns columns-no-space is-layout-flex wp-container-15\">\n<div class=\"wp-block-column is-vertically-aligned-center is-layout-flow\" style=\"flex-basis:50%\">\n<figure class=\"wp-block-image size-full\"><img decoding=\"async\" loading=\"lazy\" width=\"966\" height=\"986\" src=\"https:\/\/terme-catez-homes.com\/wp-content\/uploads\/2026\/01\/Marec-2026.png\" alt=\"\" class=\"wp-image-2073\" srcset=\"https:\/\/terme-catez-homes.com\/wp-content\/uploads\/2026\/01\/Marec-2026.png 966w, https:\/\/terme-catez-homes.com\/wp-content\/uploads\/2026\/01\/Marec-2026-294x300.png 294w, https:\/\/terme-catez-homes.com\/wp-content\/uploads\/2026\/01\/Marec-2026-768x784.png 768w\" sizes=\"(max-width: 966px) 100vw, 966px\" \/><\/figure>\n<\/div>\n\n\n\n<div class=\"wp-block-column is-vertically-aligned-center extra-desc-col-left is-layout-flow\">\n<p><strong>2 types of mobile homes available<\/strong><\/p>\n\n\n\n<ul>\n<li>Mobile homes with 2 bedrooms (up to 4 people)<\/li>\n\n\n\n<li>Mobile homes with 3 bedrooms (up to 6 persons) &#8211; 5th and 6th person 10 eur\/night surcharge<\/li>\n\n\n\n<li>Possibility of an additional child up to 5 years old free of charge<\/li>\n\n\n\n<li>Discount for couples (or 2 people)<\/li>\n<\/ul>\n<\/div>\n<\/div>\n\n\n\n<div class=\"wp-block-columns are-vertically-aligned-center columns columns-no-space is-layout-flex wp-container-18\">\n<div class=\"wp-block-column is-vertically-aligned-center is-layout-flow\" style=\"flex-basis:50%\">\n<figure class=\"wp-block-image size-full\"><img decoding=\"async\" loading=\"lazy\" width=\"748\" height=\"728\" src=\"https:\/\/terme-catez-homes.com\/wp-content\/uploads\/2026\/03\/Screenshot-2026-03-16-at-08.31.08.png\" alt=\"\" class=\"wp-image-2123\" srcset=\"https:\/\/terme-catez-homes.com\/wp-content\/uploads\/2026\/03\/Screenshot-2026-03-16-at-08.31.08.png 748w, https:\/\/terme-catez-homes.com\/wp-content\/uploads\/2026\/03\/Screenshot-2026-03-16-at-08.31.08-300x292.png 300w\" sizes=\"(max-width: 748px) 100vw, 748px\" \/><\/figure>\n<\/div>\n\n\n\n<div class=\"wp-block-column is-vertically-aligned-center extra-desc-col-left is-layout-flow\">\n<ul>\n<li><\/li>\n<\/ul>\n<\/div>\n<\/div>\n\n\n\n<div class=\"wp-block-columns are-vertically-aligned-center columns columns-no-space is-layout-flex wp-container-21\">\n<div class=\"wp-block-column is-vertically-aligned-center is-layout-flow\" style=\"flex-basis:50%\">\n<figure class=\"wp-block-image size-full\"><img decoding=\"async\" loading=\"lazy\" width=\"830\" height=\"814\" src=\"https:\/\/terme-catez-homes.com\/wp-content\/uploads\/2026\/03\/Screenshot-2026-03-16-at-08.29.49.png\" alt=\"\" class=\"wp-image-2119\" srcset=\"https:\/\/terme-catez-homes.com\/wp-content\/uploads\/2026\/03\/Screenshot-2026-03-16-at-08.29.49.png 830w, https:\/\/terme-catez-homes.com\/wp-content\/uploads\/2026\/03\/Screenshot-2026-03-16-at-08.29.49-300x294.png 300w, https:\/\/terme-catez-homes.com\/wp-content\/uploads\/2026\/03\/Screenshot-2026-03-16-at-08.29.49-768x753.png 768w\" sizes=\"(max-width: 830px) 100vw, 830px\" \/><\/figure>\n<\/div>\n\n\n\n<div class=\"wp-block-column is-vertically-aligned-center extra-desc-col-left is-layout-flow\">\n<ul>\n<li><\/li>\n<\/ul>\n<\/div>\n<\/div>\n\n\n\n<div class=\"wp-block-columns are-vertically-aligned-center columns columns-no-space is-layout-flex wp-container-24\">\n<div class=\"wp-block-column is-vertically-aligned-center is-layout-flow\" style=\"flex-basis:50%\">\n<figure class=\"wp-block-image size-large\"><img decoding=\"async\" loading=\"lazy\" width=\"1024\" height=\"1009\" src=\"https:\/\/terme-catez-homes.com\/wp-content\/uploads\/2026\/01\/Junij-2026-1024x1009.png\" alt=\"\" class=\"wp-image-2067\" srcset=\"https:\/\/terme-catez-homes.com\/wp-content\/uploads\/2026\/01\/Junij-2026-1024x1009.png 1024w, https:\/\/terme-catez-homes.com\/wp-content\/uploads\/2026\/01\/Junij-2026-300x295.png 300w, https:\/\/terme-catez-homes.com\/wp-content\/uploads\/2026\/01\/Junij-2026-768x756.png 768w, https:\/\/terme-catez-homes.com\/wp-content\/uploads\/2026\/01\/Junij-2026.png 1058w\" sizes=\"(max-width: 1024px) 100vw, 1024px\" \/><\/figure>\n<\/div>\n\n\n\n<div class=\"wp-block-column is-vertically-aligned-center extra-desc-col-left is-layout-flow\">\n<ul>\n<li><\/li>\n<\/ul>\n<\/div>\n<\/div>\n\n\n\n<div class=\"wp-block-columns are-vertically-aligned-center columns columns-no-space is-layout-flex wp-container-27\">\n<div class=\"wp-block-column is-vertically-aligned-center is-layout-flow\" style=\"flex-basis:50%\">\n<figure class=\"wp-block-image size-full\"><img decoding=\"async\" loading=\"lazy\" width=\"764\" height=\"714\" src=\"https:\/\/terme-catez-homes.com\/wp-content\/uploads\/2026\/03\/Screenshot-2026-03-08-at-11.33.13.png\" alt=\"\" class=\"wp-image-2110\" srcset=\"https:\/\/terme-catez-homes.com\/wp-content\/uploads\/2026\/03\/Screenshot-2026-03-08-at-11.33.13.png 764w, https:\/\/terme-catez-homes.com\/wp-content\/uploads\/2026\/03\/Screenshot-2026-03-08-at-11.33.13-300x280.png 300w\" sizes=\"(max-width: 764px) 100vw, 764px\" \/><\/figure>\n<\/div>\n\n\n\n<div class=\"wp-block-column is-vertically-aligned-center extra-desc-col-left is-layout-flow\">\n<ul>\n<li><\/li>\n<\/ul>\n<\/div>\n<\/div>\n\n\n\n<div class=\"wp-block-columns are-vertically-aligned-center columns columns-no-space is-layout-flex wp-container-30\">\n<div class=\"wp-block-column is-vertically-aligned-center is-layout-flow\" style=\"flex-basis:50%\">\n<figure class=\"wp-block-image size-full\"><img decoding=\"async\" loading=\"lazy\" width=\"818\" height=\"860\" src=\"https:\/\/terme-catez-homes.com\/wp-content\/uploads\/2026\/03\/Screenshot-2026-03-07-at-12.57.19.png\" alt=\"\" class=\"wp-image-2104\" srcset=\"https:\/\/terme-catez-homes.com\/wp-content\/uploads\/2026\/03\/Screenshot-2026-03-07-at-12.57.19.png 818w, https:\/\/terme-catez-homes.com\/wp-content\/uploads\/2026\/03\/Screenshot-2026-03-07-at-12.57.19-285x300.png 285w, https:\/\/terme-catez-homes.com\/wp-content\/uploads\/2026\/03\/Screenshot-2026-03-07-at-12.57.19-768x807.png 768w\" sizes=\"(max-width: 818px) 100vw, 818px\" \/><\/figure>\n<\/div>\n\n\n\n<div class=\"wp-block-column is-vertically-aligned-center extra-desc-col-left is-layout-flow\">\n<ul>\n<li><\/li>\n<\/ul>\n<\/div>\n<\/div>\n\n\n\n<div class=\"wp-block-columns are-vertically-aligned-center columns columns-no-space is-layout-flex wp-container-33\">\n<div class=\"wp-block-column is-vertically-aligned-center is-layout-flow\" style=\"flex-basis:50%\">\n<figure class=\"wp-block-image size-large\"><img decoding=\"async\" loading=\"lazy\" width=\"1024\" height=\"997\" src=\"https:\/\/terme-catez-homes.com\/wp-content\/uploads\/2026\/01\/September-2026-1024x997.png\" alt=\"\" class=\"wp-image-2082\" srcset=\"https:\/\/terme-catez-homes.com\/wp-content\/uploads\/2026\/01\/September-2026-1024x997.png 1024w, https:\/\/terme-catez-homes.com\/wp-content\/uploads\/2026\/01\/September-2026-300x292.png 300w, https:\/\/terme-catez-homes.com\/wp-content\/uploads\/2026\/01\/September-2026-768x748.png 768w, https:\/\/terme-catez-homes.com\/wp-content\/uploads\/2026\/01\/September-2026.png 1058w\" sizes=\"(max-width: 1024px) 100vw, 1024px\" \/><\/figure>\n\n\n\n<figure class=\"wp-block-image size-large\"><img decoding=\"async\" loading=\"lazy\" width=\"1024\" height=\"997\" src=\"https:\/\/terme-catez-homes.com\/wp-content\/uploads\/2026\/01\/Oktober-2026-1024x997.png\" alt=\"\" class=\"wp-image-2079\" srcset=\"https:\/\/terme-catez-homes.com\/wp-content\/uploads\/2026\/01\/Oktober-2026-1024x997.png 1024w, https:\/\/terme-catez-homes.com\/wp-content\/uploads\/2026\/01\/Oktober-2026-300x292.png 300w, https:\/\/terme-catez-homes.com\/wp-content\/uploads\/2026\/01\/Oktober-2026-768x748.png 768w, https:\/\/terme-catez-homes.com\/wp-content\/uploads\/2026\/01\/Oktober-2026.png 1058w\" sizes=\"(max-width: 1024px) 100vw, 1024px\" \/><\/figure>\n\n\n\n<figure class=\"wp-block-image size-large\"><img decoding=\"async\" loading=\"lazy\" width=\"988\" height=\"1024\" src=\"https:\/\/terme-catez-homes.com\/wp-content\/uploads\/2026\/01\/November-2026-988x1024.png\" alt=\"\" class=\"wp-image-2076\" srcset=\"https:\/\/terme-catez-homes.com\/wp-content\/uploads\/2026\/01\/November-2026-988x1024.png 988w, https:\/\/terme-catez-homes.com\/wp-content\/uploads\/2026\/01\/November-2026-290x300.png 290w, https:\/\/terme-catez-homes.com\/wp-content\/uploads\/2026\/01\/November-2026-768x796.png 768w, https:\/\/terme-catez-homes.com\/wp-content\/uploads\/2026\/01\/November-2026.png 1058w\" sizes=\"(max-width: 988px) 100vw, 988px\" \/><\/figure>\n\n\n\n<figure class=\"wp-block-image size-large\"><img decoding=\"async\" loading=\"lazy\" width=\"1024\" height=\"958\" src=\"https:\/\/terme-catez-homes.com\/wp-content\/uploads\/2026\/01\/December-2026-1024x958.png\" alt=\"\" class=\"wp-image-2055\" srcset=\"https:\/\/terme-catez-homes.com\/wp-content\/uploads\/2026\/01\/December-2026-1024x958.png 1024w, https:\/\/terme-catez-homes.com\/wp-content\/uploads\/2026\/01\/December-2026-300x281.png 300w, https:\/\/terme-catez-homes.com\/wp-content\/uploads\/2026\/01\/December-2026-768x719.png 768w, https:\/\/terme-catez-homes.com\/wp-content\/uploads\/2026\/01\/December-2026.png 1058w\" sizes=\"(max-width: 1024px) 100vw, 1024px\" \/><\/figure>\n<\/div>\n\n\n\n<div class=\"wp-block-column is-vertically-aligned-center extra-desc-col-left is-layout-flow\">\n<ul>\n<li><\/li>\n<\/ul>\n<\/div>\n<\/div>\n<\/div><\/div>\n\n\n\n<div class=\"wp-block-cover is-light middle-banner-cta price-bottom-banner\" style=\"min-height:10rem\"><span aria-hidden=\"true\" class=\"wp-block-cover__background has-background-dim-0 has-background-dim\"><\/span><div class=\"wp-block-cover__inner-container\">\n<p class=\"has-text-align-center has-large-font-size\">Check availability for dates<\/p>\n\n\n\n<div class=\"wp-block-buttons is-content-justification-center is-layout-flex wp-container-35\">\n<div class=\"wp-block-button btn\"><a class=\"wp-block-button__link wp-element-button\" href=\"https:\/\/terme-catez-homes.com\/#contact\">Send Inquiry<\/a><\/div>\n<\/div>\n<\/div><\/div>\n","protected":false},"excerpt":{"rendered":"<p>INCLUDED IN PRICE: LAST MINUTE DISCOUNTS 2 types of mobile homes available<\/p>\n","protected":false},"author":1,"featured_media":0,"parent":0,"menu_order":0,"comment_status":"closed","ping_status":"closed","template":"","meta":[],"yoast_head":"<!-- This site is optimized with the Yoast SEO plugin v19.0 - https:\/\/yoast.com\/wordpress\/plugins\/seo\/ -->\n<title>Pricelist - MEDITERAN MOBILNE HI\u0160KE<\/title>\n<meta name=\"robots\" content=\"index, follow, max-snippet:-1, max-image-preview:large, max-video-preview:-1\" \/>\n<link rel=\"canonical\" href=\"https:\/\/terme-catez-homes.com\/en\/pricelist\/\" \/>\n<meta property=\"og:locale\" content=\"en_US\" \/>\n<meta property=\"og:type\" content=\"article\" \/>\n<meta property=\"og:title\" content=\"Pricelist - MEDITERAN MOBILNE HI\u0160KE\" \/>\n<meta property=\"og:description\" content=\"INCLUDED IN PRICE: LAST MINUTE DISCOUNTS 2 types of mobile homes available\" \/>\n<meta property=\"og:url\" content=\"https:\/\/terme-catez-homes.com\/en\/pricelist\/\" \/>\n<meta property=\"og:site_name\" content=\"MEDITERAN MOBILNE HI\u0160KE\" \/>\n<meta property=\"article:modified_time\" content=\"2026-03-16T07:32:35+00:00\" \/>\n<meta property=\"og:image\" content=\"https:\/\/terme-catez-homes.com\/wp-content\/uploads\/2022\/05\/TC-LTR-rajketing-dron-4.jpg\" \/>\n<meta name=\"twitter:card\" content=\"summary_large_image\" \/>\n<meta name=\"twitter:label1\" content=\"Est. reading time\" \/>\n\t<meta name=\"twitter:data1\" content=\"3 minutes\" \/>\n<script type=\"application\/ld+json\" class=\"yoast-schema-graph\">{\"@context\":\"https:\/\/schema.org\",\"@graph\":[{\"@type\":\"WebSite\",\"@id\":\"https:\/\/terme-catez-homes.com\/#website\",\"url\":\"https:\/\/terme-catez-homes.com\/\",\"name\":\"MEDITERAN MOBILNE HI\u0160KE\",\"description\":\"\u0160e eno spleti\u0161\u010de WordPress\",\"potentialAction\":[{\"@type\":\"SearchAction\",\"target\":{\"@type\":\"EntryPoint\",\"urlTemplate\":\"https:\/\/terme-catez-homes.com\/?s={search_term_string}\"},\"query-input\":\"required name=search_term_string\"}],\"inLanguage\":\"en-US\"},{\"@type\":\"ImageObject\",\"inLanguage\":\"en-US\",\"@id\":\"https:\/\/terme-catez-homes.com\/en\/pricelist\/#primaryimage\",\"url\":\"https:\/\/terme-catez-homes.com\/wp-content\/uploads\/2022\/05\/TC-LTR-rajketing-dron-4.jpg\",\"contentUrl\":\"https:\/\/terme-catez-homes.com\/wp-content\/uploads\/2022\/05\/TC-LTR-rajketing-dron-4.jpg\",\"width\":1800,\"height\":1010},{\"@type\":\"WebPage\",\"@id\":\"https:\/\/terme-catez-homes.com\/en\/pricelist\/#webpage\",\"url\":\"https:\/\/terme-catez-homes.com\/en\/pricelist\/\",\"name\":\"Pricelist - MEDITERAN MOBILNE HI\u0160KE\",\"isPartOf\":{\"@id\":\"https:\/\/terme-catez-homes.com\/#website\"},\"primaryImageOfPage\":{\"@id\":\"https:\/\/terme-catez-homes.com\/en\/pricelist\/#primaryimage\"},\"datePublished\":\"2022-05-27T12:50:41+00:00\",\"dateModified\":\"2026-03-16T07:32:35+00:00\",\"breadcrumb\":{\"@id\":\"https:\/\/terme-catez-homes.com\/en\/pricelist\/#breadcrumb\"},\"inLanguage\":\"en-US\",\"potentialAction\":[{\"@type\":\"ReadAction\",\"target\":[\"https:\/\/terme-catez-homes.com\/en\/pricelist\/\"]}]},{\"@type\":\"BreadcrumbList\",\"@id\":\"https:\/\/terme-catez-homes.com\/en\/pricelist\/#breadcrumb\",\"itemListElement\":[{\"@type\":\"ListItem\",\"position\":1,\"name\":\"Home\",\"item\":\"https:\/\/terme-catez-homes.com\/en\/\"},{\"@type\":\"ListItem\",\"position\":2,\"name\":\"Pricelist\"}]}]}<\/script>\n<!-- \/ Yoast SEO plugin. -->","yoast_head_json":{"title":"Pricelist - MEDITERAN MOBILNE HI\u0160KE","robots":{"index":"index","follow":"follow","max-snippet":"max-snippet:-1","max-image-preview":"max-image-preview:large","max-video-preview":"max-video-preview:-1"},"canonical":"https:\/\/terme-catez-homes.com\/en\/pricelist\/","og_locale":"en_US","og_type":"article","og_title":"Pricelist - MEDITERAN MOBILNE HI\u0160KE","og_description":"INCLUDED IN PRICE: LAST MINUTE DISCOUNTS 2 types of mobile homes available","og_url":"https:\/\/terme-catez-homes.com\/en\/pricelist\/","og_site_name":"MEDITERAN MOBILNE HI\u0160KE","article_modified_time":"2026-03-16T07:32:35+00:00","og_image":[{"url":"https:\/\/terme-catez-homes.com\/wp-content\/uploads\/2022\/05\/TC-LTR-rajketing-dron-4.jpg"}],"twitter_card":"summary_large_image","twitter_misc":{"Est. reading time":"3 minutes"},"schema":{"@context":"https:\/\/schema.org","@graph":[{"@type":"WebSite","@id":"https:\/\/terme-catez-homes.com\/#website","url":"https:\/\/terme-catez-homes.com\/","name":"MEDITERAN MOBILNE HI\u0160KE","description":"\u0160e eno spleti\u0161\u010de WordPress","potentialAction":[{"@type":"SearchAction","target":{"@type":"EntryPoint","urlTemplate":"https:\/\/terme-catez-homes.com\/?s={search_term_string}"},"query-input":"required name=search_term_string"}],"inLanguage":"en-US"},{"@type":"ImageObject","inLanguage":"en-US","@id":"https:\/\/terme-catez-homes.com\/en\/pricelist\/#primaryimage","url":"https:\/\/terme-catez-homes.com\/wp-content\/uploads\/2022\/05\/TC-LTR-rajketing-dron-4.jpg","contentUrl":"https:\/\/terme-catez-homes.com\/wp-content\/uploads\/2022\/05\/TC-LTR-rajketing-dron-4.jpg","width":1800,"height":1010},{"@type":"WebPage","@id":"https:\/\/terme-catez-homes.com\/en\/pricelist\/#webpage","url":"https:\/\/terme-catez-homes.com\/en\/pricelist\/","name":"Pricelist - MEDITERAN MOBILNE HI\u0160KE","isPartOf":{"@id":"https:\/\/terme-catez-homes.com\/#website"},"primaryImageOfPage":{"@id":"https:\/\/terme-catez-homes.com\/en\/pricelist\/#primaryimage"},"datePublished":"2022-05-27T12:50:41+00:00","dateModified":"2026-03-16T07:32:35+00:00","breadcrumb":{"@id":"https:\/\/terme-catez-homes.com\/en\/pricelist\/#breadcrumb"},"inLanguage":"en-US","potentialAction":[{"@type":"ReadAction","target":["https:\/\/terme-catez-homes.com\/en\/pricelist\/"]}]},{"@type":"BreadcrumbList","@id":"https:\/\/terme-catez-homes.com\/en\/pricelist\/#breadcrumb","itemListElement":[{"@type":"ListItem","position":1,"name":"Home","item":"https:\/\/terme-catez-homes.com\/en\/"},{"@type":"ListItem","position":2,"name":"Pricelist"}]}]}},"_links":{"self":[{"href":"https:\/\/terme-catez-homes.com\/en\/wp-json\/wp\/v2\/pages\/597"}],"collection":[{"href":"https:\/\/terme-catez-homes.com\/en\/wp-json\/wp\/v2\/pages"}],"about":[{"href":"https:\/\/terme-catez-homes.com\/en\/wp-json\/wp\/v2\/types\/page"}],"author":[{"embeddable":true,"href":"https:\/\/terme-catez-homes.com\/en\/wp-json\/wp\/v2\/users\/1"}],"replies":[{"embeddable":true,"href":"https:\/\/terme-catez-homes.com\/en\/wp-json\/wp\/v2\/comments?post=597"}],"version-history":[{"count":54,"href":"https:\/\/terme-catez-homes.com\/en\/wp-json\/wp\/v2\/pages\/597\/revisions"}],"predecessor-version":[{"id":2126,"href":"https:\/\/terme-catez-homes.com\/en\/wp-json\/wp\/v2\/pages\/597\/revisions\/2126"}],"wp:attachment":[{"href":"https:\/\/terme-catez-homes.com\/en\/wp-json\/wp\/v2\/media?parent=597"}],"curies":[{"name":"wp","href":"https:\/\/api.w.org\/{rel}","templated":true}]}}