{"id":1610,"date":"2022-05-27T12:50:41","date_gmt":"2022-05-27T12:50:41","guid":{"rendered":"https:\/\/terme-catez-homes.com\/cjenik\/"},"modified":"2026-03-17T14:20:47","modified_gmt":"2026-03-17T14:20:47","slug":"cjenik","status":"publish","type":"page","link":"https:\/\/terme-catez-homes.com\/hr\/cjenik\/","title":{"rendered":"Cjenik"},"content":{"rendered":"\n<div class=\"wp-block-group container is-layout-flow\"><div class=\"wp-block-group__inner-container\">\n<div style=\"height:82px\" aria-hidden=\"true\" class=\"wp-block-spacer\"><\/div>\n\n\n\n<div class=\"wp-block-cover is-light\" style=\"min-height:20rem\"><span aria-hidden=\"true\" class=\"wp-block-cover__background has-background-dim\" style=\"background-color:#f4f4f4\"><\/span><img decoding=\"async\" loading=\"lazy\" width=\"1800\" height=\"1010\" class=\"wp-block-cover__image-background wp-image-241\" alt=\"\" src=\"https:\/\/terme-catez-homes.com\/wp-content\/uploads\/2022\/05\/TC-LTR-rajketing-dron-4.jpg\" style=\"object-position:50% 50%\" data-object-fit=\"cover\" data-object-position=\"50% 50%\" srcset=\"https:\/\/terme-catez-homes.com\/wp-content\/uploads\/2022\/05\/TC-LTR-rajketing-dron-4.jpg 1800w, https:\/\/terme-catez-homes.com\/wp-content\/uploads\/2022\/05\/TC-LTR-rajketing-dron-4-300x168.jpg 300w, https:\/\/terme-catez-homes.com\/wp-content\/uploads\/2022\/05\/TC-LTR-rajketing-dron-4-1024x575.jpg 1024w, https:\/\/terme-catez-homes.com\/wp-content\/uploads\/2022\/05\/TC-LTR-rajketing-dron-4-768x431.jpg 768w, https:\/\/terme-catez-homes.com\/wp-content\/uploads\/2022\/05\/TC-LTR-rajketing-dron-4-1536x862.jpg 1536w\" sizes=\"(max-width: 1800px) 100vw, 1800px\" \/><div class=\"wp-block-cover__inner-container\">\n<p class=\"has-text-align-center has-large-font-size\"><strong>Cjenik<\/strong> <strong>Mediteran 2026<\/strong><\/p>\n<\/div><\/div>\n<\/div><\/div>\n\n\n\n<div style=\"height:8px\" aria-hidden=\"true\" class=\"wp-block-spacer\"><\/div>\n\n\n\n<div class=\"wp-block-group container-mini extra-desc price-list is-layout-constrained\"><div class=\"wp-block-group__inner-container\">\n<div class=\"wp-block-columns is-layout-flex wp-container-6\">\n<div class=\"wp-block-column is-layout-flow\">\n<div class=\"wp-block-buttons is-content-justification-center is-layout-flex wp-container-2\">\n<div class=\"wp-block-button has-custom-width wp-block-button__width-100 btn\"><a class=\"wp-block-button__link wp-element-button\" href=\"https:\/\/terme-catez-homes.com\/#contact\">PO\u0160ALJITE UPIT<\/a><\/div>\n<\/div>\n<\/div>\n\n\n\n<div class=\"wp-block-column is-layout-flow\">\n<div class=\"wp-block-buttons is-layout-flex\">\n<div class=\"wp-block-button has-custom-width wp-block-button__width-100 btn btn-red\"><a class=\"wp-block-button__link wp-element-button\" href=\"tel:070412233\">NAZOVITE +386 70 412 233<\/a><\/div>\n<\/div>\n<\/div>\n<\/div>\n\n\n\n<div style=\"height:20px\" aria-hidden=\"true\" class=\"wp-block-spacer\"><\/div>\n\n\n\n<div class=\"wp-block-columns are-vertically-aligned-center columns columns-no-space is-layout-flex wp-container-9\">\n<div class=\"wp-block-column is-vertically-aligned-center is-layout-flow\" style=\"flex-basis:50%\"><\/div>\n\n\n\n<div class=\"wp-block-column is-vertically-aligned-center extra-desc-col-left is-layout-flow\">\n<p><\/p>\n<\/div>\n<\/div>\n\n\n\n<div class=\"wp-block-columns are-vertically-aligned-center columns columns-no-space is-layout-flex wp-container-12\">\n<div class=\"wp-block-column is-vertically-aligned-center is-layout-flow\" style=\"flex-basis:50%\">\n<figure class=\"wp-block-image size-full\"><img decoding=\"async\" loading=\"lazy\" width=\"966\" height=\"928\" src=\"https:\/\/terme-catez-homes.com\/wp-content\/uploads\/2026\/01\/Februar-2026.png\" alt=\"\" class=\"wp-image-2057\" srcset=\"https:\/\/terme-catez-homes.com\/wp-content\/uploads\/2026\/01\/Februar-2026.png 966w, https:\/\/terme-catez-homes.com\/wp-content\/uploads\/2026\/01\/Februar-2026-300x288.png 300w, https:\/\/terme-catez-homes.com\/wp-content\/uploads\/2026\/01\/Februar-2026-768x738.png 768w\" sizes=\"(max-width: 966px) 100vw, 966px\" \/><\/figure>\n<\/div>\n\n\n\n<div class=\"wp-block-column is-vertically-aligned-center extra-desc-col-left is-layout-flow\">\n<ul>\n<li>Cijena u kalendaru vrijedi za dnevni najam ku\u0107ice sa kartama za kupanje (do 4 osobe)<\/li>\n\n\n\n<li>Dodatna osoba 10 eur\/dan (do 6 osoba)<\/li>\n\n\n\n<li><strong>Mogu\u0107nost polupansiona\/doru\u010dka<\/strong> <\/li>\n<\/ul>\n<\/div>\n<\/div>\n\n\n\n<div class=\"wp-block-columns are-vertically-aligned-center columns columns-no-space is-layout-flex wp-container-15\">\n<div class=\"wp-block-column is-vertically-aligned-center is-layout-flow\" style=\"flex-basis:50%\">\n<figure class=\"wp-block-image size-full\"><img decoding=\"async\" loading=\"lazy\" width=\"966\" height=\"986\" src=\"https:\/\/terme-catez-homes.com\/wp-content\/uploads\/2026\/01\/Marec-2026.png\" alt=\"\" class=\"wp-image-2072\" srcset=\"https:\/\/terme-catez-homes.com\/wp-content\/uploads\/2026\/01\/Marec-2026.png 966w, https:\/\/terme-catez-homes.com\/wp-content\/uploads\/2026\/01\/Marec-2026-294x300.png 294w, https:\/\/terme-catez-homes.com\/wp-content\/uploads\/2026\/01\/Marec-2026-768x784.png 768w\" sizes=\"(max-width: 966px) 100vw, 966px\" \/><\/figure>\n<\/div>\n\n\n\n<div class=\"wp-block-column is-vertically-aligned-center extra-desc-col-left is-layout-flow\">\n<p><strong>LAST MINUTE POPUSTI<\/strong><br><\/p>\n\n\n\n<ul>\n<li>2 tipa ku\u0107ica u ponudi<\/li>\n\n\n\n<li>Ku\u0107ica sa 2 spava\u0107e sobe (do 4 osobe)<\/li>\n\n\n\n<li>Ku\u0107ica sa 3 spava\u0107e sobe (do 6 osoba)<\/li>\n\n\n\n<li>Dodatno djete do 12 godina u ve\u0107oj ku\u0107ici<\/li>\n\n\n\n<li>Popust za parove (ili 2 osobe)<\/li>\n<\/ul>\n<\/div>\n<\/div>\n\n\n\n<div class=\"wp-block-columns are-vertically-aligned-center columns columns-no-space is-layout-flex wp-container-18\">\n<div class=\"wp-block-column is-vertically-aligned-center is-layout-flow\" style=\"flex-basis:50%\">\n<figure class=\"wp-block-image size-full\"><img decoding=\"async\" loading=\"lazy\" width=\"594\" height=\"584\" src=\"https:\/\/terme-catez-homes.com\/wp-content\/uploads\/2026\/03\/Screenshot-2026-03-17-at-15.14.52.png\" alt=\"\" class=\"wp-image-2133\" srcset=\"https:\/\/terme-catez-homes.com\/wp-content\/uploads\/2026\/03\/Screenshot-2026-03-17-at-15.14.52.png 594w, https:\/\/terme-catez-homes.com\/wp-content\/uploads\/2026\/03\/Screenshot-2026-03-17-at-15.14.52-300x295.png 300w\" sizes=\"(max-width: 594px) 100vw, 594px\" \/><\/figure>\n<\/div>\n\n\n\n<div class=\"wp-block-column is-vertically-aligned-center extra-desc-col-left is-layout-flow\">\n<p><strong>UKLJU\u010cENO U CIJENU:<\/strong><\/p>\n\n\n\n<ul>\n<li>USKRSNA VIKEND AKCIJA <\/li>\n\n\n\n<li>3 no\u010denja 349\u20ac<\/li>\n\n\n\n<li>4 no\u010denja 399\u20ac<\/li>\n\n\n\n<li>AKCIJSKA PONUDA 06.04. &#8211; 26.04.2026<\/li>\n\n\n\n<li>2+1 no\u010denja = 149\u20ac<\/li>\n\n\n\n<li>3+1 no\u010denja = 199\u20ac<\/li>\n\n\n\n<li>4+1 no\u010denja = 249\u20ac <\/li>\n<\/ul>\n<\/div>\n<\/div>\n\n\n\n<div class=\"wp-block-columns are-vertically-aligned-center columns columns-no-space is-layout-flex wp-container-21\">\n<div class=\"wp-block-column is-vertically-aligned-center is-layout-flow\" style=\"flex-basis:50%\">\n<figure class=\"wp-block-image size-full\"><img decoding=\"async\" loading=\"lazy\" width=\"830\" height=\"814\" src=\"https:\/\/terme-catez-homes.com\/wp-content\/uploads\/2026\/03\/Screenshot-2026-03-16-at-08.29.49.png\" alt=\"\" class=\"wp-image-2118\" srcset=\"https:\/\/terme-catez-homes.com\/wp-content\/uploads\/2026\/03\/Screenshot-2026-03-16-at-08.29.49.png 830w, https:\/\/terme-catez-homes.com\/wp-content\/uploads\/2026\/03\/Screenshot-2026-03-16-at-08.29.49-300x294.png 300w, https:\/\/terme-catez-homes.com\/wp-content\/uploads\/2026\/03\/Screenshot-2026-03-16-at-08.29.49-768x753.png 768w\" sizes=\"(max-width: 830px) 100vw, 830px\" \/><\/figure>\n<\/div>\n\n\n\n<div class=\"wp-block-column is-vertically-aligned-center extra-desc-col-left is-layout-flow\">\n<ul>\n<li>Najam ku\u0107ice do 4 osobe <\/li>\n\n\n\n<li>Ulaznice za termalni park Terme \u010cate\u017e<\/li>\n\n\n\n<li>Posteljina<\/li>\n\n\n\n<li>Velika natkrivena terasa<\/li>\n\n\n\n<li>Klima, WIFI, grija\u010di<\/li>\n\n\n\n<li>Stol i stolice na terasi<\/li>\n\n\n\n<li>Zavr\u0161no \u010di\u0161\u010denje je u cijeni (osim na 1 no\u0107enje, doplata 50 eur)<\/li>\n\n\n\n<li>Dodatna osoba 10 eur\/dan (do 6 osoba + 1 dijete do 5 god)<\/li>\n\n\n\n<li><strong>Mogu\u0107nost polupansiona\/doru\u010dka<\/strong><\/li>\n<\/ul>\n<\/div>\n<\/div>\n\n\n\n<div class=\"wp-block-columns are-vertically-aligned-center columns columns-no-space is-layout-flex wp-container-24\">\n<div class=\"wp-block-column is-vertically-aligned-center is-layout-flow\" style=\"flex-basis:50%\">\n<figure class=\"wp-block-image size-large\"><img decoding=\"async\" loading=\"lazy\" width=\"1024\" height=\"1009\" src=\"https:\/\/terme-catez-homes.com\/wp-content\/uploads\/2026\/01\/Junij-2026-1024x1009.png\" alt=\"\" class=\"wp-image-2066\" srcset=\"https:\/\/terme-catez-homes.com\/wp-content\/uploads\/2026\/01\/Junij-2026-1024x1009.png 1024w, https:\/\/terme-catez-homes.com\/wp-content\/uploads\/2026\/01\/Junij-2026-300x295.png 300w, https:\/\/terme-catez-homes.com\/wp-content\/uploads\/2026\/01\/Junij-2026-768x756.png 768w, https:\/\/terme-catez-homes.com\/wp-content\/uploads\/2026\/01\/Junij-2026.png 1058w\" sizes=\"(max-width: 1024px) 100vw, 1024px\" \/><\/figure>\n<\/div>\n\n\n\n<div class=\"wp-block-column is-vertically-aligned-center extra-desc-col-left is-layout-flow\">\n<ul>\n<li><\/li>\n<\/ul>\n<\/div>\n<\/div>\n\n\n\n<div class=\"wp-block-columns are-vertically-aligned-center columns columns-no-space is-layout-flex wp-container-27\">\n<div class=\"wp-block-column is-vertically-aligned-center is-layout-flow\" style=\"flex-basis:50%\">\n<figure class=\"wp-block-image size-full\"><img decoding=\"async\" loading=\"lazy\" width=\"764\" height=\"714\" src=\"https:\/\/terme-catez-homes.com\/wp-content\/uploads\/2026\/03\/Screenshot-2026-03-08-at-11.33.13.png\" alt=\"\" class=\"wp-image-2109\" srcset=\"https:\/\/terme-catez-homes.com\/wp-content\/uploads\/2026\/03\/Screenshot-2026-03-08-at-11.33.13.png 764w, https:\/\/terme-catez-homes.com\/wp-content\/uploads\/2026\/03\/Screenshot-2026-03-08-at-11.33.13-300x280.png 300w\" sizes=\"(max-width: 764px) 100vw, 764px\" \/><\/figure>\n<\/div>\n\n\n\n<div class=\"wp-block-column is-vertically-aligned-center extra-desc-col-left is-layout-flow\">\n<ul>\n<li><\/li>\n<\/ul>\n<\/div>\n<\/div>\n\n\n\n<div class=\"wp-block-columns are-vertically-aligned-center columns columns-no-space is-layout-flex wp-container-30\">\n<div class=\"wp-block-column is-vertically-aligned-center is-layout-flow\" style=\"flex-basis:50%\">\n<figure class=\"wp-block-image size-full\"><img decoding=\"async\" loading=\"lazy\" width=\"818\" height=\"860\" src=\"https:\/\/terme-catez-homes.com\/wp-content\/uploads\/2026\/03\/Screenshot-2026-03-07-at-12.57.19.png\" alt=\"\" class=\"wp-image-2103\" srcset=\"https:\/\/terme-catez-homes.com\/wp-content\/uploads\/2026\/03\/Screenshot-2026-03-07-at-12.57.19.png 818w, https:\/\/terme-catez-homes.com\/wp-content\/uploads\/2026\/03\/Screenshot-2026-03-07-at-12.57.19-285x300.png 285w, https:\/\/terme-catez-homes.com\/wp-content\/uploads\/2026\/03\/Screenshot-2026-03-07-at-12.57.19-768x807.png 768w\" sizes=\"(max-width: 818px) 100vw, 818px\" \/><\/figure>\n<\/div>\n\n\n\n<div class=\"wp-block-column is-vertically-aligned-center extra-desc-col-left is-layout-flow\">\n<ul>\n<li><\/li>\n<\/ul>\n<\/div>\n<\/div>\n\n\n\n<div class=\"wp-block-columns are-vertically-aligned-center columns columns-no-space is-layout-flex wp-container-33\">\n<div class=\"wp-block-column is-vertically-aligned-center is-layout-flow\" style=\"flex-basis:50%\">\n<figure class=\"wp-block-image size-large\"><img decoding=\"async\" loading=\"lazy\" width=\"1024\" height=\"997\" src=\"https:\/\/terme-catez-homes.com\/wp-content\/uploads\/2026\/01\/September-2026-1024x997.png\" alt=\"\" class=\"wp-image-2081\" srcset=\"https:\/\/terme-catez-homes.com\/wp-content\/uploads\/2026\/01\/September-2026-1024x997.png 1024w, https:\/\/terme-catez-homes.com\/wp-content\/uploads\/2026\/01\/September-2026-300x292.png 300w, https:\/\/terme-catez-homes.com\/wp-content\/uploads\/2026\/01\/September-2026-768x748.png 768w, https:\/\/terme-catez-homes.com\/wp-content\/uploads\/2026\/01\/September-2026.png 1058w\" sizes=\"(max-width: 1024px) 100vw, 1024px\" \/><\/figure>\n\n\n\n<figure class=\"wp-block-image size-large\"><img decoding=\"async\" loading=\"lazy\" width=\"1024\" height=\"997\" src=\"https:\/\/terme-catez-homes.com\/wp-content\/uploads\/2026\/01\/Oktober-2026-1024x997.png\" alt=\"\" class=\"wp-image-2078\" srcset=\"https:\/\/terme-catez-homes.com\/wp-content\/uploads\/2026\/01\/Oktober-2026-1024x997.png 1024w, https:\/\/terme-catez-homes.com\/wp-content\/uploads\/2026\/01\/Oktober-2026-300x292.png 300w, https:\/\/terme-catez-homes.com\/wp-content\/uploads\/2026\/01\/Oktober-2026-768x748.png 768w, https:\/\/terme-catez-homes.com\/wp-content\/uploads\/2026\/01\/Oktober-2026.png 1058w\" sizes=\"(max-width: 1024px) 100vw, 1024px\" \/><\/figure>\n\n\n\n<figure class=\"wp-block-image size-large\"><img decoding=\"async\" loading=\"lazy\" width=\"988\" height=\"1024\" src=\"https:\/\/terme-catez-homes.com\/wp-content\/uploads\/2026\/01\/November-2026-988x1024.png\" alt=\"\" class=\"wp-image-2075\" srcset=\"https:\/\/terme-catez-homes.com\/wp-content\/uploads\/2026\/01\/November-2026-988x1024.png 988w, https:\/\/terme-catez-homes.com\/wp-content\/uploads\/2026\/01\/November-2026-290x300.png 290w, https:\/\/terme-catez-homes.com\/wp-content\/uploads\/2026\/01\/November-2026-768x796.png 768w, https:\/\/terme-catez-homes.com\/wp-content\/uploads\/2026\/01\/November-2026.png 1058w\" sizes=\"(max-width: 988px) 100vw, 988px\" \/><\/figure>\n\n\n\n<figure class=\"wp-block-image size-large\"><img decoding=\"async\" loading=\"lazy\" width=\"1024\" height=\"958\" src=\"https:\/\/terme-catez-homes.com\/wp-content\/uploads\/2026\/01\/December-2026-1024x958.png\" alt=\"\" class=\"wp-image-2054\" srcset=\"https:\/\/terme-catez-homes.com\/wp-content\/uploads\/2026\/01\/December-2026-1024x958.png 1024w, https:\/\/terme-catez-homes.com\/wp-content\/uploads\/2026\/01\/December-2026-300x281.png 300w, https:\/\/terme-catez-homes.com\/wp-content\/uploads\/2026\/01\/December-2026-768x719.png 768w, https:\/\/terme-catez-homes.com\/wp-content\/uploads\/2026\/01\/December-2026.png 1058w\" sizes=\"(max-width: 1024px) 100vw, 1024px\" \/><\/figure>\n<\/div>\n\n\n\n<div class=\"wp-block-column is-vertically-aligned-center extra-desc-col-left is-layout-flow\">\n<ul>\n<li><\/li>\n<\/ul>\n<\/div>\n<\/div>\n<\/div><\/div>\n\n\n\n<div class=\"wp-block-cover is-light middle-banner-cta price-bottom-banner\" style=\"min-height:10rem\"><span aria-hidden=\"true\" class=\"wp-block-cover__background has-background-dim-0 has-background-dim\"><\/span><div class=\"wp-block-cover__inner-container\">\n<p class=\"has-text-align-center has-large-font-size\">Provjerite raspolo\u017eljivost termina<\/p>\n\n\n\n<div class=\"wp-block-buttons is-content-justification-center is-layout-flex wp-container-35\">\n<div class=\"wp-block-button btn\"><a class=\"wp-block-button__link wp-element-button\" href=\"https:\/\/terme-catez-homes.com\/#contact\">Po\u0161aljite upit<\/a><\/div>\n<\/div>\n<\/div><\/div>\n","protected":false},"excerpt":{"rendered":"<p>LAST MINUTE POPUSTI UKLJU\u010cENO U CIJENU:<\/p>\n","protected":false},"author":1,"featured_media":0,"parent":0,"menu_order":0,"comment_status":"closed","ping_status":"closed","template":"","meta":[],"yoast_head":"<!-- This site is optimized with the Yoast SEO plugin v19.0 - https:\/\/yoast.com\/wordpress\/plugins\/seo\/ -->\n<title>Cjenik - MEDITERAN MOBILNE HI\u0160KE<\/title>\n<meta name=\"robots\" content=\"index, follow, max-snippet:-1, max-image-preview:large, max-video-preview:-1\" \/>\n<link rel=\"canonical\" href=\"https:\/\/terme-catez-homes.com\/hr\/cjenik\/\" \/>\n<meta property=\"og:locale\" content=\"hr_HR\" \/>\n<meta property=\"og:type\" content=\"article\" \/>\n<meta property=\"og:title\" content=\"Cjenik - MEDITERAN MOBILNE HI\u0160KE\" \/>\n<meta property=\"og:description\" content=\"LAST MINUTE POPUSTI UKLJU\u010cENO U CIJENU:\" \/>\n<meta property=\"og:url\" content=\"https:\/\/terme-catez-homes.com\/hr\/cjenik\/\" \/>\n<meta property=\"og:site_name\" content=\"MEDITERAN MOBILNE HI\u0160KE\" \/>\n<meta property=\"article:modified_time\" content=\"2026-03-17T14:20:47+00:00\" \/>\n<meta property=\"og:image\" content=\"https:\/\/terme-catez-homes.com\/wp-content\/uploads\/2022\/05\/TC-LTR-rajketing-dron-4.jpg\" \/>\n<meta name=\"twitter:card\" content=\"summary_large_image\" \/>\n<meta name=\"twitter:label1\" content=\"Procijenjeno vrijeme \u010ditanja\" \/>\n\t<meta name=\"twitter:data1\" content=\"1 minuta\" \/>\n<script type=\"application\/ld+json\" class=\"yoast-schema-graph\">{\"@context\":\"https:\/\/schema.org\",\"@graph\":[{\"@type\":\"WebSite\",\"@id\":\"https:\/\/terme-catez-homes.com\/#website\",\"url\":\"https:\/\/terme-catez-homes.com\/\",\"name\":\"MEDITERAN MOBILNE HI\u0160KE\",\"description\":\"\u0160e eno spleti\u0161\u010de WordPress\",\"potentialAction\":[{\"@type\":\"SearchAction\",\"target\":{\"@type\":\"EntryPoint\",\"urlTemplate\":\"https:\/\/terme-catez-homes.com\/?s={search_term_string}\"},\"query-input\":\"required name=search_term_string\"}],\"inLanguage\":\"hr\"},{\"@type\":\"ImageObject\",\"inLanguage\":\"hr\",\"@id\":\"https:\/\/terme-catez-homes.com\/hr\/cjenik\/#primaryimage\",\"url\":\"https:\/\/terme-catez-homes.com\/wp-content\/uploads\/2022\/05\/TC-LTR-rajketing-dron-4.jpg\",\"contentUrl\":\"https:\/\/terme-catez-homes.com\/wp-content\/uploads\/2022\/05\/TC-LTR-rajketing-dron-4.jpg\",\"width\":1800,\"height\":1010},{\"@type\":\"WebPage\",\"@id\":\"https:\/\/terme-catez-homes.com\/hr\/cjenik\/#webpage\",\"url\":\"https:\/\/terme-catez-homes.com\/hr\/cjenik\/\",\"name\":\"Cjenik - MEDITERAN MOBILNE HI\u0160KE\",\"isPartOf\":{\"@id\":\"https:\/\/terme-catez-homes.com\/#website\"},\"primaryImageOfPage\":{\"@id\":\"https:\/\/terme-catez-homes.com\/hr\/cjenik\/#primaryimage\"},\"datePublished\":\"2022-05-27T12:50:41+00:00\",\"dateModified\":\"2026-03-17T14:20:47+00:00\",\"breadcrumb\":{\"@id\":\"https:\/\/terme-catez-homes.com\/hr\/cjenik\/#breadcrumb\"},\"inLanguage\":\"hr\",\"potentialAction\":[{\"@type\":\"ReadAction\",\"target\":[\"https:\/\/terme-catez-homes.com\/hr\/cjenik\/\"]}]},{\"@type\":\"BreadcrumbList\",\"@id\":\"https:\/\/terme-catez-homes.com\/hr\/cjenik\/#breadcrumb\",\"itemListElement\":[{\"@type\":\"ListItem\",\"position\":1,\"name\":\"Home\",\"item\":\"https:\/\/terme-catez-homes.com\/hr\/\"},{\"@type\":\"ListItem\",\"position\":2,\"name\":\"Cjenik\"}]}]}<\/script>\n<!-- \/ Yoast SEO plugin. -->","yoast_head_json":{"title":"Cjenik - MEDITERAN MOBILNE HI\u0160KE","robots":{"index":"index","follow":"follow","max-snippet":"max-snippet:-1","max-image-preview":"max-image-preview:large","max-video-preview":"max-video-preview:-1"},"canonical":"https:\/\/terme-catez-homes.com\/hr\/cjenik\/","og_locale":"hr_HR","og_type":"article","og_title":"Cjenik - MEDITERAN MOBILNE HI\u0160KE","og_description":"LAST MINUTE POPUSTI UKLJU\u010cENO U CIJENU:","og_url":"https:\/\/terme-catez-homes.com\/hr\/cjenik\/","og_site_name":"MEDITERAN MOBILNE HI\u0160KE","article_modified_time":"2026-03-17T14:20:47+00:00","og_image":[{"url":"https:\/\/terme-catez-homes.com\/wp-content\/uploads\/2022\/05\/TC-LTR-rajketing-dron-4.jpg"}],"twitter_card":"summary_large_image","twitter_misc":{"Procijenjeno vrijeme \u010ditanja":"1 minuta"},"schema":{"@context":"https:\/\/schema.org","@graph":[{"@type":"WebSite","@id":"https:\/\/terme-catez-homes.com\/#website","url":"https:\/\/terme-catez-homes.com\/","name":"MEDITERAN MOBILNE HI\u0160KE","description":"\u0160e eno spleti\u0161\u010de WordPress","potentialAction":[{"@type":"SearchAction","target":{"@type":"EntryPoint","urlTemplate":"https:\/\/terme-catez-homes.com\/?s={search_term_string}"},"query-input":"required name=search_term_string"}],"inLanguage":"hr"},{"@type":"ImageObject","inLanguage":"hr","@id":"https:\/\/terme-catez-homes.com\/hr\/cjenik\/#primaryimage","url":"https:\/\/terme-catez-homes.com\/wp-content\/uploads\/2022\/05\/TC-LTR-rajketing-dron-4.jpg","contentUrl":"https:\/\/terme-catez-homes.com\/wp-content\/uploads\/2022\/05\/TC-LTR-rajketing-dron-4.jpg","width":1800,"height":1010},{"@type":"WebPage","@id":"https:\/\/terme-catez-homes.com\/hr\/cjenik\/#webpage","url":"https:\/\/terme-catez-homes.com\/hr\/cjenik\/","name":"Cjenik - MEDITERAN MOBILNE HI\u0160KE","isPartOf":{"@id":"https:\/\/terme-catez-homes.com\/#website"},"primaryImageOfPage":{"@id":"https:\/\/terme-catez-homes.com\/hr\/cjenik\/#primaryimage"},"datePublished":"2022-05-27T12:50:41+00:00","dateModified":"2026-03-17T14:20:47+00:00","breadcrumb":{"@id":"https:\/\/terme-catez-homes.com\/hr\/cjenik\/#breadcrumb"},"inLanguage":"hr","potentialAction":[{"@type":"ReadAction","target":["https:\/\/terme-catez-homes.com\/hr\/cjenik\/"]}]},{"@type":"BreadcrumbList","@id":"https:\/\/terme-catez-homes.com\/hr\/cjenik\/#breadcrumb","itemListElement":[{"@type":"ListItem","position":1,"name":"Home","item":"https:\/\/terme-catez-homes.com\/hr\/"},{"@type":"ListItem","position":2,"name":"Cjenik"}]}]}},"_links":{"self":[{"href":"https:\/\/terme-catez-homes.com\/hr\/wp-json\/wp\/v2\/pages\/1610"}],"collection":[{"href":"https:\/\/terme-catez-homes.com\/hr\/wp-json\/wp\/v2\/pages"}],"about":[{"href":"https:\/\/terme-catez-homes.com\/hr\/wp-json\/wp\/v2\/types\/page"}],"author":[{"embeddable":true,"href":"https:\/\/terme-catez-homes.com\/hr\/wp-json\/wp\/v2\/users\/1"}],"replies":[{"embeddable":true,"href":"https:\/\/terme-catez-homes.com\/hr\/wp-json\/wp\/v2\/comments?post=1610"}],"version-history":[{"count":35,"href":"https:\/\/terme-catez-homes.com\/hr\/wp-json\/wp\/v2\/pages\/1610\/revisions"}],"predecessor-version":[{"id":2138,"href":"https:\/\/terme-catez-homes.com\/hr\/wp-json\/wp\/v2\/pages\/1610\/revisions\/2138"}],"wp:attachment":[{"href":"https:\/\/terme-catez-homes.com\/hr\/wp-json\/wp\/v2\/media?parent=1610"}],"curies":[{"name":"wp","href":"https:\/\/api.w.org\/{rel}","templated":true}]}}